{"id":2,"date":"2008-07-21T20:40:03","date_gmt":"2008-07-21T19:40:03","guid":{"rendered":"http:\/\/soch.cz\/blog\/?page_id=2"},"modified":"2020-08-11T10:48:59","modified_gmt":"2020-08-11T09:48:59","slug":"about","status":"publish","type":"page","link":"https:\/\/soch.cz\/blog\/about\/","title":{"rendered":"Kontakt"},"content":{"rendered":"<p>Blog se posledn\u00ed dobou stal fenom\u00e9nem. Na internetu se do\u010dtete v\u0161echno. Dlouho jsem odol\u00e1vala, ale nakonec co si \u010dlov\u011bk nevyzkou\u0161\u00ed na vlastn\u00ed k\u016f\u017ei, jako by nebylo.<\/p>\n<p><a href=\"http:\/\/sochova.cz\"><img loading=\"lazy\" src=\"http:\/\/soch.cz\/blog\/wp-content\/uploads\/2008\/07\/IMG_4581_update_sq_xs.jpg\" alt=\"Zuzi Sochova - Agiln\u00ed kou\u010ding, konzultace, \u0161kolen\u00ed, workshopy\" title=\"Zuzi Sochova - Agiln\u00ed kou\u010ding, konzultace, \u0161kolen\u00ed, workshopy\" width=\"200\" height=\"200\" class=\"alignleft size-full wp-image-393\" srcset=\"https:\/\/soch.cz\/blog\/wp-content\/uploads\/2008\/07\/IMG_4581_update_sq_xs.jpg 300w, https:\/\/soch.cz\/blog\/wp-content\/uploads\/2008\/07\/IMG_4581_update_sq_xs-150x150.jpg 150w\" sizes=\"(max-width: 200px) 85vw, 200px\" \/><\/a>Co m\u011b bav\u00ed? Tak ur\u010dit\u011b filmy, <a href=\"http:\/\/asmat.cz\" title=\"Asmat = v\u0161e o cestov\u00e1n\u00ed\" target=\"_blank\">cestov\u00e1n\u00ed<\/a> po v\u0161ech koutech sv\u011bta a objevov\u00e1n\u00ed nov\u00e9ho, fotografov\u00e1n\u00ed. Pak tak\u00e9 snowboarding a wakeboarding a surfing. Ale tak\u00e9 <strong><a href=\"http:\/\/sochova.cz\/agilni-metody.htm\" title=\"Agiln\u00ed metody - efektivn\u00ed \u0159\u00edzen\u00ed projekt\u016f\" target=\"_blank\">Agiln\u00ed a Lean metody<\/a><\/strong>, kter\u00e9 se nakonec staly ned\u00edlnou sou\u010d\u00e1st\u00ed m\u00e9ho \u017eivota. Pro\u010d? Funguj\u00ed. Pom\u00e1haj\u00ed t\u00fdm\u016fm b\u00fdt efektivn\u00ed, flexibiln\u00ed, zlep\u0161uj\u00ed p\u0159edv\u00eddatelnost a kvalitu, posiluj\u00ed spokojenost z\u00e1kazn\u00edka. <\/p>\n<p><a href=\"http:\/\/sochova.cz\" title=\"sochova.cz - konzultace | kou\u010ding | workshopy\"><img loading=\"lazy\" class=\"alignleft size-full wp-image-357\" title=\"sochova.cz - konzultace | kou\u010ding | workshopy \" src=\"http:\/\/soch.cz\/blog\/wp-content\/uploads\/2008\/07\/logo3.png\" alt=\"sochova.cz - konzultace | kou\u010ding | workshopy \" width=\"100\" height=\"100\"\/><\/a><\/p>\n<p>Chcete se dozv\u011bd\u011bt v\u00edce o <strong><a href=\"http:\/\/sochova.cz\/projektove-rizeni.htm\" title=\"Projektov\u00e9 \u0159\u00edzen\u00ed\" target=\"_blank\">projektov\u00e9m \u0159\u00edzen\u00ed<\/a>, agiln\u00edch metod\u00e1ch, scrum procesu, nebo o <a href=\"http:\/\/sochova.cz\/kurzy.htm\" title=\"Kurzy, workshopy a \u0161kolen\u00ed\" target=\"_blank\">nab\u00edzen\u00fdch kurzech<\/a>, workshopech, kou\u010dingu<\/strong>, pod\u00edvejte se na str\u00e1nky <a href=\"http:\/\/sochova.cz\">sochova.cz<\/a><\/p>\n<p><a href=\"http:\/\/soch.cz\/blog\/wp-content\/uploads\/2008\/07\/ZuziQRcode.png\"><img loading=\"lazy\" src=\"http:\/\/soch.cz\/blog\/wp-content\/uploads\/2008\/07\/ZuziQRcode.png\" alt=\"Zuzi QR code\" title=\"Zuzi QR code\" width=\"150\" height=\"150\" class=\"alignleft size-full wp-image-401\" \/><\/a><strong>email:<\/strong> zuzana [at] sochova.cz<br \/>\n<strong>tel:<\/strong> +420 602 373 307<br \/>\n<strong>twitter:<\/strong> @zuzuzka<\/p>\n<p><strong>Agiln\u00ed Asociace:<\/strong> <a href=\"http:\/\/agilniasociace.cz\" title=\"Agilni Asociace\" target=\"_blank\">agilniasociace.cz<\/a><br \/>\n<em>zalo\u017eila jsem neziskov\u00e9 sdru\u017een\u00ed na podporu agiln\u00edch metod, kter\u00e9 po\u0159\u00e1d\u00e1 spoustu voln\u00fdch workshop\u016f a p\u0159\u00e1telsk\u00fdch setk\u00e1n\u00ed tzv. opencaf\u00e9 pro p\u0159\u00edznivce agiln\u00edch metod.<\/em><\/p>\n<p><strong>Agile Prague Conference:<\/strong> <a href=\"http:\/\/agileprague.com\" title=\"Agile Prague Conference\" target=\"_blank\">agileprague.com<\/a><br \/>\n<em>po\u0159\u00e1d\u00e1m pravidelnou mezin\u00e1rodn\u00ed konferenci zam\u011b\u0159enou na Agiln\u00ed a Lean metody Agile Prague <\/em><\/p>\n<p><a href=\"http:\/\/www.linkedin.com\/in\/zuzka\"><img loading=\"lazy\" src=\"http:\/\/www.linkedin.com\/img\/webpromo\/btn_viewmy_160x25.gif\" alt=\"LinkedIn profil\" width=\"160\" height=\"25\" border=\"0\" \/><\/a><\/p>\n<p><a href=\"http:\/\/www.scrumalliance.org\/community\/profile\/zsochova\"><img alt=\"Certified Scrum Trainer\" src=\"\/blog\/wp-content\/uploads\/CST.jpg\" style=\"width: 200px; height: 67px; \" title=\"CST - Certified Scrum Trainer\"><\/a><\/p>\n<p><a href=\"http:\/\/www.agilerecord.com\"><img loading=\"lazy\" src=\"http:\/\/soch.cz\/blog\/wp-content\/uploads\/2008\/07\/AgileRecord.jpg\" alt=\"Member of the Agile Record Editorial Board\" title=\"Member of the Agile Record Editorial Board\" width=\"174\" height=\"100\" class=\"size-full wp-image-394\" \/><\/a><\/p>\n<p><i>Disclaimer: Ve\u0161ker\u00e9 prezentovan\u00e1 n\u00e1zory jsou m\u00e9 osobn\u00ed a nemaj\u00ed \u017e\u00e1dnou spojitost s \u017e\u00e1dnou moj\u00ed pracovn\u00ed rol\u00ed a\u0165 aktu\u00e1ln\u00ed, \u010di minulou a nebo budouc\u00ed.<\/i><\/p>\n","protected":false},"excerpt":{"rendered":"<p>Blog se posledn\u00ed dobou stal fenom\u00e9nem. Na internetu se do\u010dtete v\u0161echno. Dlouho jsem odol\u00e1vala, ale nakonec co si \u010dlov\u011bk nevyzkou\u0161\u00ed na vlastn\u00ed k\u016f\u017ei, jako by nebylo. Co m\u011b bav\u00ed? Tak ur\u010dit\u011b filmy, cestov\u00e1n\u00ed po v\u0161ech koutech sv\u011bta a objevov\u00e1n\u00ed nov\u00e9ho, fotografov\u00e1n\u00ed. Pak tak\u00e9 snowboarding a wakeboarding a surfing. Ale tak\u00e9 Agiln\u00ed a Lean metody, kter\u00e9 &hellip; <a href=\"https:\/\/soch.cz\/blog\/about\/\" class=\"more-link\">Continue reading<span class=\"screen-reader-text\"> &#8220;Kontakt&#8221;<\/span><\/a><\/p>\n","protected":false},"author":1,"featured_media":0,"parent":0,"menu_order":3,"comment_status":"closed","ping_status":"open","template":"","meta":[],"aioseo_notices":[],"_links":{"self":[{"href":"https:\/\/soch.cz\/blog\/wp-json\/wp\/v2\/pages\/2"}],"collection":[{"href":"https:\/\/soch.cz\/blog\/wp-json\/wp\/v2\/pages"}],"about":[{"href":"https:\/\/soch.cz\/blog\/wp-json\/wp\/v2\/types\/page"}],"author":[{"embeddable":true,"href":"https:\/\/soch.cz\/blog\/wp-json\/wp\/v2\/users\/1"}],"replies":[{"embeddable":true,"href":"https:\/\/soch.cz\/blog\/wp-json\/wp\/v2\/comments?post=2"}],"version-history":[{"count":0,"href":"https:\/\/soch.cz\/blog\/wp-json\/wp\/v2\/pages\/2\/revisions"}],"wp:attachment":[{"href":"https:\/\/soch.cz\/blog\/wp-json\/wp\/v2\/media?parent=2"}],"curies":[{"name":"wp","href":"https:\/\/api.w.org\/{rel}","templated":true}]}}